{"id":806,"date":"2024-11-03T16:25:42","date_gmt":"2024-11-03T16:25:42","guid":{"rendered":"https:\/\/green-webdesign.dk\/?page_id=806"},"modified":"2025-02-10T23:23:21","modified_gmt":"2025-02-10T23:23:21","slug":"shop","status":"publish","type":"page","link":"https:\/\/aars-webdesign.dk\/index.php\/shop\/","title":{"rendered":"Shop"},"content":{"rendered":"\t\t<div data-elementor-type=\"wp-page\" data-elementor-id=\"806\" class=\"elementor elementor-806\" data-elementor-post-type=\"page\">\n\t\t\t\t<div class=\"elementor-element elementor-element-7e9cf4c e-flex e-con-boxed wpr-particle-no wpr-jarallax-no wpr-parallax-no wpr-sticky-section-no e-con e-parent\" data-id=\"7e9cf4c\" data-element_type=\"container\">\n\t\t\t\t\t<div class=\"e-con-inner\">\n\t\t\t\t<div class=\"elementor-element elementor-element-019a54a elementor-widget elementor-widget-heading\" data-id=\"019a54a\" data-element_type=\"widget\" data-widget_type=\"heading.default\">\n\t\t\t\t<div class=\"elementor-widget-container\">\n\t\t\t\t\t<h2 class=\"elementor-heading-title elementor-size-default\">Skal du have lavet en Webshop ?<\/h2>\t\t\t\t<\/div>\n\t\t\t\t<\/div>\n\t\t\t\t\t<\/div>\n\t\t\t\t<\/div>\n\t\t<div class=\"elementor-element elementor-element-2a6aead e-flex e-con-boxed wpr-particle-no wpr-jarallax-no wpr-parallax-no wpr-sticky-section-no e-con e-parent\" data-id=\"2a6aead\" data-element_type=\"container\">\n\t\t\t\t\t<div class=\"e-con-inner\">\n\t\t\t\t<div class=\"elementor-element elementor-element-283b8a3 elementor-widget elementor-widget-image\" data-id=\"283b8a3\" data-element_type=\"widget\" data-widget_type=\"image.default\">\n\t\t\t\t<div class=\"elementor-widget-container\">\n\t\t\t\t\t\t\t\t\t\t\t\t\t\t\t<img decoding=\"async\" src=\"https:\/\/aars-webdesign.dk\/wp-content\/uploads\/elementor\/thumbs\/template-1599667_1280-r10bcsbsk2a7haixdzv6lkl3kkw0bo3b61411o0sq8.png\" title=\"template-1599667_1280\" alt=\"template-1599667_1280\" loading=\"lazy\" \/>\t\t\t\t\t\t\t\t\t\t\t\t\t\t\t<\/div>\n\t\t\t\t<\/div>\n\t\t\t\t\t<\/div>\n\t\t\t\t<\/div>\n\t\t<div class=\"elementor-element elementor-element-2ab1659 e-flex e-con-boxed wpr-particle-no wpr-jarallax-no wpr-parallax-no wpr-sticky-section-no e-con e-parent\" data-id=\"2ab1659\" data-element_type=\"container\">\n\t\t\t\t\t<div class=\"e-con-inner\">\n\t\t\t\t<div class=\"elementor-element elementor-element-21eca25 elementor-widget elementor-widget-text-editor\" data-id=\"21eca25\" data-element_type=\"widget\" data-widget_type=\"text-editor.default\">\n\t\t\t\t<div class=\"elementor-widget-container\">\n\t\t\t\t\t\t\t\t\t<h1 class=\"wccom-hero__title\">WooCommerce<\/h1><h4>meget anvendt webshop modul.<\/h4><p>\u00a0<\/p>\t\t\t\t\t\t\t\t<\/div>\n\t\t\t\t<\/div>\n\t\t\t\t\t<\/div>\n\t\t\t\t<\/div>\n\t\t<div class=\"elementor-element elementor-element-3524acd e-flex e-con-boxed wpr-particle-no wpr-jarallax-no wpr-parallax-no wpr-sticky-section-no e-con e-parent\" data-id=\"3524acd\" data-element_type=\"container\">\n\t\t\t\t\t<div class=\"e-con-inner\">\n\t\t\t\t<div class=\"elementor-element elementor-element-918dceb elementor-widget elementor-widget-heading\" data-id=\"918dceb\" data-element_type=\"widget\" data-widget_type=\"heading.default\">\n\t\t\t\t<div class=\"elementor-widget-container\">\n\t\t\t\t\t<h2 class=\"elementor-heading-title elementor-size-default\">Hvad har du brug for til at lave en Webshop<\/h2>\t\t\t\t<\/div>\n\t\t\t\t<\/div>\n\t\t\t\t\t<\/div>\n\t\t\t\t<\/div>\n\t\t<div class=\"elementor-element elementor-element-dee9686 e-flex e-con-boxed wpr-particle-no wpr-jarallax-no wpr-parallax-no wpr-sticky-section-no e-con e-parent\" data-id=\"dee9686\" data-element_type=\"container\">\n\t\t\t\t\t<div class=\"e-con-inner\">\n\t\t\t\t<div class=\"elementor-element elementor-element-1c02650 elementor-widget elementor-widget-text-editor\" data-id=\"1c02650\" data-element_type=\"widget\" data-widget_type=\"text-editor.default\">\n\t\t\t\t<div class=\"elementor-widget-container\">\n\t\t\t\t\t\t\t\t\t<h3>Demo Shoppen er lavet med:<\/h3><ul><li><h5>Astra Pro<\/h5><\/li><li><h5>Premium Starter skabeloner<\/h5><\/li><li><h5>Elementor Pro<\/h5><\/li><li><h5>WooCommerce<\/h5><\/li><\/ul><h4>N\u00e5r man bruger Premium starter og finder et Tema Skabelon installeret der de plugin der skal bruges.<\/h4>\t\t\t\t\t\t\t\t<\/div>\n\t\t\t\t<\/div>\n\t\t\t\t<div class=\"elementor-element elementor-element-d4c2de7 elementor-widget elementor-widget-heading\" data-id=\"d4c2de7\" data-element_type=\"widget\" data-widget_type=\"heading.default\">\n\t\t\t\t<div class=\"elementor-widget-container\">\n\t\t\t\t\t<h2 class=\"elementor-heading-title elementor-size-default\">S\u00e5 tag et kig p\u00e5 Webshoppen<\/h2>\t\t\t\t<\/div>\n\t\t\t\t<\/div>\n\t\t\t\t\t<\/div>\n\t\t\t\t<\/div>\n\t\t<div class=\"elementor-element elementor-element-73d2de7 e-flex e-con-boxed wpr-particle-no wpr-jarallax-no wpr-parallax-no wpr-sticky-section-no e-con e-parent\" data-id=\"73d2de7\" data-element_type=\"container\">\n\t\t\t\t\t<div class=\"e-con-inner\">\n\t\t\t\t<div class=\"elementor-element elementor-element-a78a00a elementor-align-center elementor-widget elementor-widget-button\" data-id=\"a78a00a\" data-element_type=\"widget\" data-widget_type=\"button.default\">\n\t\t\t\t<div class=\"elementor-widget-container\">\n\t\t\t\t\t\t\t\t\t<div class=\"elementor-button-wrapper\">\n\t\t\t\t\t<a class=\"elementor-button elementor-button-link elementor-size-sm\" href=\"https:\/\/shop.aars-webdesign.dk\/shop\/\" target=\"_blank\">\n\t\t\t\t\t\t<span class=\"elementor-button-content-wrapper\">\n\t\t\t\t\t\t\t\t\t<span class=\"elementor-button-text\">Se en demo af en Webshop<\/span>\n\t\t\t\t\t<\/span>\n\t\t\t\t\t<\/a>\n\t\t\t\t<\/div>\n\t\t\t\t\t\t\t\t<\/div>\n\t\t\t\t<\/div>\n\t\t\t\t\t<\/div>\n\t\t\t\t<\/div>\n\t\t<div class=\"elementor-element elementor-element-c834000 e-flex e-con-boxed wpr-particle-no wpr-jarallax-no wpr-parallax-no wpr-sticky-section-no e-con e-parent\" data-id=\"c834000\" data-element_type=\"container\">\n\t\t\t\t\t<div class=\"e-con-inner\">\n\t\t\t\t<div class=\"elementor-element elementor-element-7187ed1 elementor-widget-divider--view-line elementor-widget elementor-widget-divider\" data-id=\"7187ed1\" data-element_type=\"widget\" data-widget_type=\"divider.default\">\n\t\t\t\t<div class=\"elementor-widget-container\">\n\t\t\t\t\t\t\t<div class=\"elementor-divider\">\n\t\t\t<span class=\"elementor-divider-separator\">\n\t\t\t\t\t\t<\/span>\n\t\t<\/div>\n\t\t\t\t\t\t<\/div>\n\t\t\t\t<\/div>\n\t\t\t\t\t<\/div>\n\t\t\t\t<\/div>\n\t\t<div class=\"elementor-element elementor-element-6181cd8 e-flex e-con-boxed wpr-particle-no wpr-jarallax-no wpr-parallax-no wpr-sticky-section-no e-con e-parent\" data-id=\"6181cd8\" data-element_type=\"container\">\n\t\t\t\t\t<div class=\"e-con-inner\">\n\t\t\t\t<div class=\"elementor-element elementor-element-84444d8 elementor-widget elementor-widget-heading\" data-id=\"84444d8\" data-element_type=\"widget\" data-widget_type=\"heading.default\">\n\t\t\t\t<div class=\"elementor-widget-container\">\n\t\t\t\t\t<h3 class=\"elementor-heading-title elementor-size-default\"><a href=\"https:\/\/media-shoppen.dk\/\" target=\"_blank\">Her kan du se min opgave med ny webshop til :\nMedia-shoppen.dk<\/a><\/h3>\t\t\t\t<\/div>\n\t\t\t\t<\/div>\n\t\t\t\t\t<\/div>\n\t\t\t\t<\/div>\n\t\t<div class=\"elementor-element elementor-element-8bcdbfa e-flex e-con-boxed wpr-particle-no wpr-jarallax-no wpr-parallax-no wpr-sticky-section-no e-con e-parent\" data-id=\"8bcdbfa\" data-element_type=\"container\">\n\t\t\t\t\t<div class=\"e-con-inner\">\n\t\t\t\t<div class=\"elementor-element elementor-element-0ac3a2a elementor-widget elementor-widget-image\" data-id=\"0ac3a2a\" data-element_type=\"widget\" data-widget_type=\"image.default\">\n\t\t\t\t<div class=\"elementor-widget-container\">\n\t\t\t\t\t\t\t\t\t\t\t\t\t\t\t<img fetchpriority=\"high\" decoding=\"async\" width=\"1024\" height=\"294\" src=\"https:\/\/aars-webdesign.dk\/wp-content\/uploads\/2024\/12\/Media-shoppen-1024x294.jpg\" class=\"attachment-large size-large wp-image-896\" alt=\"\" srcset=\"https:\/\/aars-webdesign.dk\/wp-content\/uploads\/2024\/12\/Media-shoppen-1024x294.jpg 1024w, https:\/\/aars-webdesign.dk\/wp-content\/uploads\/2024\/12\/Media-shoppen-300x86.jpg 300w, https:\/\/aars-webdesign.dk\/wp-content\/uploads\/2024\/12\/Media-shoppen-768x221.jpg 768w, https:\/\/aars-webdesign.dk\/wp-content\/uploads\/2024\/12\/Media-shoppen-1536x442.jpg 1536w, https:\/\/aars-webdesign.dk\/wp-content\/uploads\/2024\/12\/Media-shoppen-2048x589.jpg 2048w\" sizes=\"(max-width: 1024px) 100vw, 1024px\" \/>\t\t\t\t\t\t\t\t\t\t\t\t\t\t\t<\/div>\n\t\t\t\t<\/div>\n\t\t\t\t\t<\/div>\n\t\t\t\t<\/div>\n\t\t\t\t<\/div>\n\t\t","protected":false},"excerpt":{"rendered":"<p>Skal du have lavet en Webshop ? WooCommerce meget anvendt webshop modul. \u00a0 Hvad har du brug for til at lave en Webshop Demo Shoppen er lavet med: Astra Pro Premium Starter skabeloner Elementor Pro WooCommerce N\u00e5r man bruger Premium starter og finder et Tema Skabelon installeret der de plugin der skal bruges. S\u00e5 tag et kig p\u00e5 Webshoppen Se en demo af en Webshop Her kan du se min opgave med ny webshop til : Media-shoppen.dk<\/p>\n","protected":false},"author":1,"featured_media":0,"parent":0,"menu_order":0,"comment_status":"closed","ping_status":"closed","template":"","meta":{"footnotes":""},"class_list":["post-806","page","type-page","status-publish","hentry"],"yoast_head":"<!-- This site is optimized with the Yoast SEO plugin v24.4 - https:\/\/yoast.com\/wordpress\/plugins\/seo\/ -->\n<title>Shop - Aars Webdesign<\/title>\n<meta name=\"robots\" content=\"index, follow, max-snippet:-1, max-image-preview:large, max-video-preview:-1\" \/>\n<link rel=\"canonical\" href=\"https:\/\/aars-webdesign.dk\/index.php\/shop\/\" \/>\n<meta property=\"og:locale\" content=\"da_DK\" \/>\n<meta property=\"og:type\" content=\"article\" \/>\n<meta property=\"og:title\" content=\"Shop - Aars Webdesign\" \/>\n<meta property=\"og:description\" content=\"Skal du have lavet en Webshop ? WooCommerce meget anvendt webshop modul. \u00a0 Hvad har du brug for til at lave en Webshop Demo Shoppen er lavet med: Astra Pro Premium Starter skabeloner Elementor Pro WooCommerce N\u00e5r man bruger Premium starter og finder et Tema Skabelon installeret der de plugin der skal bruges. S\u00e5 tag et kig p\u00e5 Webshoppen Se en demo af en Webshop Her kan du se min opgave med ny webshop til : Media-shoppen.dk\" \/>\n<meta property=\"og:url\" content=\"https:\/\/aars-webdesign.dk\/index.php\/shop\/\" \/>\n<meta property=\"og:site_name\" content=\"Aars Webdesign\" \/>\n<meta property=\"article:modified_time\" content=\"2025-02-10T23:23:21+00:00\" \/>\n<meta property=\"og:image\" content=\"https:\/\/aars-webdesign.dk\/wp-content\/uploads\/elementor\/thumbs\/template-1599667_1280-r10bcsbsk2a7haixdzv6lkl3kkw0bo3b61411o0sq8.png\" \/>\n<meta name=\"twitter:card\" content=\"summary_large_image\" \/>\n<meta name=\"twitter:label1\" content=\"Estimeret l\u00e6setid\" \/>\n\t<meta name=\"twitter:data1\" content=\"1 minut\" \/>\n<script type=\"application\/ld+json\" class=\"yoast-schema-graph\">{\"@context\":\"https:\/\/schema.org\",\"@graph\":[{\"@type\":\"WebPage\",\"@id\":\"https:\/\/aars-webdesign.dk\/index.php\/shop\/\",\"url\":\"https:\/\/aars-webdesign.dk\/index.php\/shop\/\",\"name\":\"Shop - Aars Webdesign\",\"isPartOf\":{\"@id\":\"https:\/\/aars-webdesign.dk\/#website\"},\"primaryImageOfPage\":{\"@id\":\"https:\/\/aars-webdesign.dk\/index.php\/shop\/#primaryimage\"},\"image\":{\"@id\":\"https:\/\/aars-webdesign.dk\/index.php\/shop\/#primaryimage\"},\"thumbnailUrl\":\"https:\/\/aars-webdesign.dk\/wp-content\/uploads\/elementor\/thumbs\/template-1599667_1280-r10bcsbsk2a7haixdzv6lkl3kkw0bo3b61411o0sq8.png\",\"datePublished\":\"2024-11-03T16:25:42+00:00\",\"dateModified\":\"2025-02-10T23:23:21+00:00\",\"breadcrumb\":{\"@id\":\"https:\/\/aars-webdesign.dk\/index.php\/shop\/#breadcrumb\"},\"inLanguage\":\"da-DK\",\"potentialAction\":[{\"@type\":\"ReadAction\",\"target\":[\"https:\/\/aars-webdesign.dk\/index.php\/shop\/\"]}]},{\"@type\":\"ImageObject\",\"inLanguage\":\"da-DK\",\"@id\":\"https:\/\/aars-webdesign.dk\/index.php\/shop\/#primaryimage\",\"url\":\"https:\/\/aars-webdesign.dk\/wp-content\/uploads\/elementor\/thumbs\/template-1599667_1280-r10bcsbsk2a7haixdzv6lkl3kkw0bo3b61411o0sq8.png\",\"contentUrl\":\"https:\/\/aars-webdesign.dk\/wp-content\/uploads\/elementor\/thumbs\/template-1599667_1280-r10bcsbsk2a7haixdzv6lkl3kkw0bo3b61411o0sq8.png\"},{\"@type\":\"BreadcrumbList\",\"@id\":\"https:\/\/aars-webdesign.dk\/index.php\/shop\/#breadcrumb\",\"itemListElement\":[{\"@type\":\"ListItem\",\"position\":1,\"name\":\"Hjem\",\"item\":\"https:\/\/aars-webdesign.dk\/\"},{\"@type\":\"ListItem\",\"position\":2,\"name\":\"Shop\"}]},{\"@type\":\"WebSite\",\"@id\":\"https:\/\/aars-webdesign.dk\/#website\",\"url\":\"https:\/\/aars-webdesign.dk\/\",\"name\":\"Aars Webdesign\",\"description\":\"Din fleksible webdesigner af hjemmesider\",\"publisher\":{\"@id\":\"https:\/\/aars-webdesign.dk\/#organization\"},\"potentialAction\":[{\"@type\":\"SearchAction\",\"target\":{\"@type\":\"EntryPoint\",\"urlTemplate\":\"https:\/\/aars-webdesign.dk\/?s={search_term_string}\"},\"query-input\":{\"@type\":\"PropertyValueSpecification\",\"valueRequired\":true,\"valueName\":\"search_term_string\"}}],\"inLanguage\":\"da-DK\"},{\"@type\":\"Organization\",\"@id\":\"https:\/\/aars-webdesign.dk\/#organization\",\"name\":\"Aars Webdesign\",\"url\":\"https:\/\/aars-webdesign.dk\/\",\"logo\":{\"@type\":\"ImageObject\",\"inLanguage\":\"da-DK\",\"@id\":\"https:\/\/aars-webdesign.dk\/#\/schema\/logo\/image\/\",\"url\":\"https:\/\/aars-webdesign.dk\/wp-content\/uploads\/2025\/01\/cropped-Webdesign-logo-Rund-uden-baggrund-png-e1737572596296.png\",\"contentUrl\":\"https:\/\/aars-webdesign.dk\/wp-content\/uploads\/2025\/01\/cropped-Webdesign-logo-Rund-uden-baggrund-png-e1737572596296.png\",\"width\":300,\"height\":300,\"caption\":\"Aars Webdesign\"},\"image\":{\"@id\":\"https:\/\/aars-webdesign.dk\/#\/schema\/logo\/image\/\"}}]}<\/script>\n<!-- \/ Yoast SEO plugin. -->","yoast_head_json":{"title":"Shop - Aars Webdesign","robots":{"index":"index","follow":"follow","max-snippet":"max-snippet:-1","max-image-preview":"max-image-preview:large","max-video-preview":"max-video-preview:-1"},"canonical":"https:\/\/aars-webdesign.dk\/index.php\/shop\/","og_locale":"da_DK","og_type":"article","og_title":"Shop - Aars Webdesign","og_description":"Skal du have lavet en Webshop ? WooCommerce meget anvendt webshop modul. \u00a0 Hvad har du brug for til at lave en Webshop Demo Shoppen er lavet med: Astra Pro Premium Starter skabeloner Elementor Pro WooCommerce N\u00e5r man bruger Premium starter og finder et Tema Skabelon installeret der de plugin der skal bruges. S\u00e5 tag et kig p\u00e5 Webshoppen Se en demo af en Webshop Her kan du se min opgave med ny webshop til : Media-shoppen.dk","og_url":"https:\/\/aars-webdesign.dk\/index.php\/shop\/","og_site_name":"Aars Webdesign","article_modified_time":"2025-02-10T23:23:21+00:00","og_image":[{"url":"https:\/\/aars-webdesign.dk\/wp-content\/uploads\/elementor\/thumbs\/template-1599667_1280-r10bcsbsk2a7haixdzv6lkl3kkw0bo3b61411o0sq8.png","type":"","width":"","height":""}],"twitter_card":"summary_large_image","twitter_misc":{"Estimeret l\u00e6setid":"1 minut"},"schema":{"@context":"https:\/\/schema.org","@graph":[{"@type":"WebPage","@id":"https:\/\/aars-webdesign.dk\/index.php\/shop\/","url":"https:\/\/aars-webdesign.dk\/index.php\/shop\/","name":"Shop - Aars Webdesign","isPartOf":{"@id":"https:\/\/aars-webdesign.dk\/#website"},"primaryImageOfPage":{"@id":"https:\/\/aars-webdesign.dk\/index.php\/shop\/#primaryimage"},"image":{"@id":"https:\/\/aars-webdesign.dk\/index.php\/shop\/#primaryimage"},"thumbnailUrl":"https:\/\/aars-webdesign.dk\/wp-content\/uploads\/elementor\/thumbs\/template-1599667_1280-r10bcsbsk2a7haixdzv6lkl3kkw0bo3b61411o0sq8.png","datePublished":"2024-11-03T16:25:42+00:00","dateModified":"2025-02-10T23:23:21+00:00","breadcrumb":{"@id":"https:\/\/aars-webdesign.dk\/index.php\/shop\/#breadcrumb"},"inLanguage":"da-DK","potentialAction":[{"@type":"ReadAction","target":["https:\/\/aars-webdesign.dk\/index.php\/shop\/"]}]},{"@type":"ImageObject","inLanguage":"da-DK","@id":"https:\/\/aars-webdesign.dk\/index.php\/shop\/#primaryimage","url":"https:\/\/aars-webdesign.dk\/wp-content\/uploads\/elementor\/thumbs\/template-1599667_1280-r10bcsbsk2a7haixdzv6lkl3kkw0bo3b61411o0sq8.png","contentUrl":"https:\/\/aars-webdesign.dk\/wp-content\/uploads\/elementor\/thumbs\/template-1599667_1280-r10bcsbsk2a7haixdzv6lkl3kkw0bo3b61411o0sq8.png"},{"@type":"BreadcrumbList","@id":"https:\/\/aars-webdesign.dk\/index.php\/shop\/#breadcrumb","itemListElement":[{"@type":"ListItem","position":1,"name":"Hjem","item":"https:\/\/aars-webdesign.dk\/"},{"@type":"ListItem","position":2,"name":"Shop"}]},{"@type":"WebSite","@id":"https:\/\/aars-webdesign.dk\/#website","url":"https:\/\/aars-webdesign.dk\/","name":"Aars Webdesign","description":"Din fleksible webdesigner af hjemmesider","publisher":{"@id":"https:\/\/aars-webdesign.dk\/#organization"},"potentialAction":[{"@type":"SearchAction","target":{"@type":"EntryPoint","urlTemplate":"https:\/\/aars-webdesign.dk\/?s={search_term_string}"},"query-input":{"@type":"PropertyValueSpecification","valueRequired":true,"valueName":"search_term_string"}}],"inLanguage":"da-DK"},{"@type":"Organization","@id":"https:\/\/aars-webdesign.dk\/#organization","name":"Aars Webdesign","url":"https:\/\/aars-webdesign.dk\/","logo":{"@type":"ImageObject","inLanguage":"da-DK","@id":"https:\/\/aars-webdesign.dk\/#\/schema\/logo\/image\/","url":"https:\/\/aars-webdesign.dk\/wp-content\/uploads\/2025\/01\/cropped-Webdesign-logo-Rund-uden-baggrund-png-e1737572596296.png","contentUrl":"https:\/\/aars-webdesign.dk\/wp-content\/uploads\/2025\/01\/cropped-Webdesign-logo-Rund-uden-baggrund-png-e1737572596296.png","width":300,"height":300,"caption":"Aars Webdesign"},"image":{"@id":"https:\/\/aars-webdesign.dk\/#\/schema\/logo\/image\/"}}]}},"_links":{"self":[{"href":"https:\/\/aars-webdesign.dk\/index.php\/wp-json\/wp\/v2\/pages\/806","targetHints":{"allow":["GET"]}}],"collection":[{"href":"https:\/\/aars-webdesign.dk\/index.php\/wp-json\/wp\/v2\/pages"}],"about":[{"href":"https:\/\/aars-webdesign.dk\/index.php\/wp-json\/wp\/v2\/types\/page"}],"author":[{"embeddable":true,"href":"https:\/\/aars-webdesign.dk\/index.php\/wp-json\/wp\/v2\/users\/1"}],"replies":[{"embeddable":true,"href":"https:\/\/aars-webdesign.dk\/index.php\/wp-json\/wp\/v2\/comments?post=806"}],"version-history":[{"count":3,"href":"https:\/\/aars-webdesign.dk\/index.php\/wp-json\/wp\/v2\/pages\/806\/revisions"}],"predecessor-version":[{"id":975,"href":"https:\/\/aars-webdesign.dk\/index.php\/wp-json\/wp\/v2\/pages\/806\/revisions\/975"}],"wp:attachment":[{"href":"https:\/\/aars-webdesign.dk\/index.php\/wp-json\/wp\/v2\/media?parent=806"}],"curies":[{"name":"wp","href":"https:\/\/api.w.org\/{rel}","templated":true}]}}