{"id":47,"date":"2024-09-28T23:44:30","date_gmt":"2024-09-28T23:44:30","guid":{"rendered":"https:\/\/green-webdesign.dk\/?page_id=47"},"modified":"2024-09-28T23:44:30","modified_gmt":"2024-09-28T23:44:30","slug":"hvem-er-jer-kontakt","status":"publish","type":"page","link":"https:\/\/aars-webdesign.dk\/index.php\/hvem-er-jer-kontakt\/","title":{"rendered":"Hvem er jeg"},"content":{"rendered":"\t\t<div data-elementor-type=\"wp-page\" data-elementor-id=\"47\" class=\"elementor elementor-47\" data-elementor-post-type=\"page\">\n\t\t\t\t<div class=\"elementor-element elementor-element-5e2dde18 e-flex e-con-boxed wpr-particle-no wpr-jarallax-no wpr-parallax-no wpr-sticky-section-no e-con e-parent\" data-id=\"5e2dde18\" data-element_type=\"container\">\n\t\t\t\t\t<div class=\"e-con-inner\">\n\t\t\t\t<div class=\"elementor-element elementor-element-7c8138ec elementor-widget elementor-widget-text-editor\" data-id=\"7c8138ec\" data-element_type=\"widget\" data-widget_type=\"text-editor.default\">\n\t\t\t\t<div class=\"elementor-widget-container\">\n\t\t\t\t\t\t\t\t\t\n<div class=\"wp-block-superb-addons-author-box\">\n<div class=\"superbaddons-authorbox superbaddons-authorbox-alignment-left\" style=\"background-color: #f2f2f2; border-radius: 10px;\">\n<div class=\"superbaddons-authorbox-left\"><img decoding=\"async\" class=\"superbaddons-authorbox-avatar\" style=\"border-radius: 50%; width: 96px;\" src=\"https:\/\/green-webdesign.dk\/wp-content\/plugins\/superb-blocks\/blocks\/author-box\/..\/images\/defaultAvatar.dda9e675.png\" width=\"96\" \/><\/div>\n<div class=\"superbaddons-authorbox-right\">\n<p class=\"superbaddons-authorbox-authorname\" style=\"color: #444444; font-size: 32px; line-height: 40px;\">Bent Gr\u00f8n Jensen<\/p>\n<p class=\"superbaddons-authorbox-authorbio\" style=\"color: #7c7c7c; font-size: 14px; line-height: 19px;\">\u00a0<\/p>\n<div class=\"superbaddons-authorbox-social-wrapper\">\u00a0<\/div>\n<\/div>\n<\/div>\n<\/div>\n\n<h2 class=\"wp-block-heading\">Hvem er jeg?<\/h2>\n\n<div class=\"wp-block-columns is-layout-flex wp-container-core-columns-is-layout-9d6595d7 wp-block-columns-is-layout-flex\">\n<div class=\"wp-block-column is-layout-flow wp-block-column-is-layout-flow\">\n<p style=\"font-size: 18px;\">Jeg er bare en ganske almindelig mand, der interesser mig for at lave hjemmesider til andre.<\/p>\n\n<p>Jeg er uddannet i butik for mange \u00e5r siden og kom efter uddannelsen p\u00e5 engros lager, hvor jeg var afdelingsleder for have\/v\u00e6rkt\u00f8js afdelingen.<\/p>\n\n<p>Efter 4 \u00e5r p\u00e5 lageret, m\u00e5tte firmaet, desv\u00e6rre lukke grundet en ikke helt \u00e6rlig bogholder.<\/p>\n\n<p>S\u00e5 var jeg en kort periode p\u00e5 en \u00e6gl\u00e6gning h\u00f8nseri og derefter arbejde jeg 10 \u00e5r p\u00e5 slagteri. Det blev i l\u00e6ngden for opslidende og jeg m\u00e5tte opgive, p\u00e5 grund af mine arme var helt \u00f8delagte.<\/p>\n\n<p>S\u00e5 tog jeg en HG voksen uddannelse og kom i voksen l\u00e6re p\u00e5 kontor, efter jeg var udl\u00e6rt, blev jeg ansat i den lokale idr\u00e6tsklub, som administrativ leder og ground keeper.<\/p>\n<\/div>\n\n<div class=\"wp-block-column is-layout-flow wp-block-column-is-layout-flow\">\n<p style=\"font-size: 18px;\">Har altid interesseret mig for det administrative og arbejdet med IT.<\/p>\n\n<p>P\u00e5 nuv\u00e6rende tidspunkt er jeg involveret i den lokale Esport klub og sidder i bestyrelsen og har posten som kasser.<\/p>\n\n<p>I min fritid hj\u00e6lper jeg i det lokale Aktivitetscenter, hvor man kan komme og f\u00e5 hj\u00e6lp med IT. Hvis PC driller og eller noget med telefonen, s\u00e5 pr\u00f8ver jeg at hj\u00e6lpe, dem som har brug for det.<\/p>\n\n<p>Aktivitetscentret havde en hjemmeside, som ikke var helt op til date, og jeg tilb\u00f8d at lave en ny hjemmeside, som var lidt mere op til date.<\/p>\n\n<p>Det har s\u00e5 rygtes og andre har henvendt sig om at f\u00e5 optimeret deres hjemmesider<\/p>\n\n<p>Det var lige lidt om mig, der kunne nok skrives meget mere.<\/p>\n<\/div>\n<\/div>\n\n<h5 class=\"wp-block-heading has-text-align-center has-contrast-color has-text-color has-superbfont-xlarge-font-size\"><strong>Er du interesseret i at f\u00e5 en ny hjemmeside?<\/strong><\/h5>\n\n<figure class=\"wp-block-image size-full\"><img fetchpriority=\"high\" decoding=\"async\" width=\"640\" height=\"426\" class=\"wp-image-323\" src=\"https:\/\/green-webdesign.dk\/wp-content\/uploads\/2024\/10\/website-3374825_640.jpg\" alt=\"Ny hjemmeside\" srcset=\"https:\/\/aars-webdesign.dk\/wp-content\/uploads\/2024\/10\/website-3374825_640.jpg 640w, https:\/\/aars-webdesign.dk\/wp-content\/uploads\/2024\/10\/website-3374825_640-300x200.jpg 300w\" sizes=\"(max-width: 640px) 100vw, 640px\" \/><\/figure>\n\n<h4 class=\"wp-block-heading\"><strong>S\u00e5 kontakt mig endelig for at h\u00f8re mere om dine muligheder.<\/strong><\/h4>\n<h4 class=\"wp-block-heading\"><strong><br \/>Uanset hvad du har i tankerne, kan vi helt sikkert i f\u00e6llesskab finde frem til en god l\u00f8sning.<\/strong><\/h4>\n\n<h4 class=\"wp-block-heading\">Jeg ser frem til at h\u00f8re fra dig og til at hj\u00e6lpe dig.<\/h4>\n\n<h3 class=\"wp-block-heading\">Send en foresp\u00f8rgsel i kontakt formularen<\/h3>\n\n<div class=\"wp-block-group alignfull\"><div class=\"wp-block-group__inner-container is-layout-flow wp-block-group-is-layout-flow\">\n<div class=\"wp-block-group alignfull has-background-secondary-background-color has-background\" style=\"padding: var(--wp--preset--spacing--superbspacing-xxlarge) var(--wp--preset--spacing--superbspacing-small) var(--wp--preset--spacing--superbspacing-xxlarge) var(--wp--preset--spacing--superbspacing-small);\"><div class=\"wp-block-group__inner-container is-layout-constrained wp-container-core-group-is-layout-6977f8fc wp-block-group-is-layout-constrained\">\n<div class=\"wp-block-columns alignwide is-layout-flex wp-container-core-columns-is-layout-48208d23 wp-block-columns-is-layout-flex\" style=\"border-radius: 0px; padding: 0;\">\n<div class=\"wp-block-column is-vertically-aligned-center is-layout-flow wp-block-column-is-layout-flow\" style=\"padding: 0;\">\n<div class=\"wp-block-group has-border-color has-mono-3-border-color has-base-background-color has-background is-content-justification-left\" style=\"border-width: 1px; border-radius: 16px; padding: var(--wp--preset--spacing--superbspacing-xsmall);\"><div class=\"wp-block-group__inner-container is-layout-constrained wp-container-core-group-is-layout-85c30412 wp-block-group-is-layout-constrained\">\n<div class=\"wp-block-group is-content-justification-left\"><div class=\"wp-block-group__inner-container is-layout-constrained wp-container-core-group-is-layout-8c890d92 wp-block-group-is-layout-constrained\">\n<figure class=\"wp-block-image size-large is-resized\"><img decoding=\"async\" style=\"width: 32px; height: 32px;\" src=\"https:\/\/green-webdesign.dk\/wp-content\/uploads\/2024\/09\/icon-email.png\" alt=\"\" \/><\/figure>\n<\/div><\/div>\n\n<h3 class=\"wp-block-heading has-text-align-left has-contrast-color has-text-color has-superbfont-xsmall-font-size\">Email <a href=\"mailto:info.webdesigngreen@gmail.com\">info.webdesigngreen@gmail.com<\/a><\/h3>\n\n<p class=\"has-secondary-color has-text-color has-superbfont-small-font-size\">Send mig en e-mail for sp\u00f8rgsm\u00e5l: eller brug kontaktformular<\/p>\n<\/div><\/div>\n<\/div>\n\n<div class=\"wp-block-column is-vertically-aligned-center is-layout-flow wp-block-column-is-layout-flow\" style=\"padding: 0px;\">\n<div class=\"wp-block-group has-border-color has-mono-3-border-color has-base-background-color has-background is-content-justification-left\" style=\"border-width: 1px; border-radius: 16px; margin-top: 0; margin-bottom: 0; padding: var(--wp--preset--spacing--superbspacing-xsmall);\"><div class=\"wp-block-group__inner-container is-layout-constrained wp-container-core-group-is-layout-b62eb0c1 wp-block-group-is-layout-constrained\">\n<div class=\"wp-block-group is-content-justification-left\"><div class=\"wp-block-group__inner-container is-layout-constrained wp-container-core-group-is-layout-8c890d92 wp-block-group-is-layout-constrained\">\n<figure class=\"wp-block-image size-large is-resized\"><img decoding=\"async\" style=\"width: 32px; height: 32px;\" src=\"https:\/\/green-webdesign.dk\/wp-content\/uploads\/2024\/09\/icon-phone-call.png\" alt=\"\" \/><\/figure>\n<\/div><\/div>\n\n<h3 class=\"wp-block-heading has-text-align-left has-contrast-color has-text-color has-superbfont-xsmall-font-size\">Tlf<\/h3>\n\n<p class=\"has-secondary-color has-text-color has-superbfont-small-font-size\"><strong>Jeg er kun et opkald v\u00e6k<\/strong><\/p>\n\n<p class=\"has-secondary-color has-text-color has-superbfont-small-font-size\">+45 21473372<\/p>\n<\/div><\/div>\n<\/div>\n\n<div class=\"wp-block-column is-vertically-aligned-center is-layout-flow wp-block-column-is-layout-flow\" style=\"padding: 0px;\">\n<div class=\"wp-block-group has-border-color has-mono-3-border-color has-base-background-color has-background is-content-justification-left\" style=\"border-width: 1px; border-radius: 16px; padding: var(--wp--preset--spacing--superbspacing-xsmall);\"><div class=\"wp-block-group__inner-container is-layout-constrained wp-container-core-group-is-layout-85c30412 wp-block-group-is-layout-constrained\">\n<div class=\"wp-block-group is-content-justification-left\"><div class=\"wp-block-group__inner-container is-layout-constrained wp-container-core-group-is-layout-8c890d92 wp-block-group-is-layout-constrained\">\n<figure class=\"wp-block-image size-large is-resized\"><img decoding=\"async\" style=\"width: 32px; height: 32px;\" src=\"https:\/\/green-webdesign.dk\/wp-content\/uploads\/2024\/09\/icon-push-pin-simple.png\" alt=\"\" \/><\/figure>\n<\/div><\/div>\n\n<h3 class=\"wp-block-heading has-text-align-left has-contrast-color has-text-color has-superbfont-xsmall-font-size\">Adresse<\/h3>\n\n<p class=\"has-secondary-color has-text-color has-superbfont-small-font-size\">Hobrovej 55<br \/>9600 Aars<\/p>\n<\/div><\/div>\n<\/div>\n<\/div>\n<\/div><\/div>\n<\/div><\/div>\n\t\t\t\t\t\t\t\t<\/div>\n\t\t\t\t<\/div>\n\t\t\t\t\t<\/div>\n\t\t\t\t<\/div>\n\t\t\t\t<\/div>\n\t\t","protected":false},"excerpt":{"rendered":"<p>Hvem er jeg? Jeg er bare en ganske almindelig mand, der interesser mig for at lave hjemmesider til andre. Jeg er uddannet i butik for mange \u00e5r siden og kom efter uddannelsen p\u00e5 engros lager, hvor jeg var afdelingsleder for have\/v\u00e6rkt\u00f8js afdelingen. Efter 4 \u00e5r p\u00e5 lageret, m\u00e5tte firmaet, desv\u00e6rre lukke grundet en ikke helt \u00e6rlig bogholder. S\u00e5 var jeg en kort periode p\u00e5 en \u00e6gl\u00e6gning h\u00f8nseri og derefter arbejde jeg 10 \u00e5r p\u00e5 slagteri. Det blev i l\u00e6ngden for opslidende og jeg m\u00e5tte opgive, p\u00e5 grund af mine arme var helt \u00f8delagte. S\u00e5 tog jeg en HG voksen uddannelse og kom i voksen l\u00e6re p\u00e5 kontor, efter jeg var udl\u00e6rt, blev jeg ansat i den lokale idr\u00e6tsklub, som administrativ leder og ground keeper. Har altid interesseret mig for det administrative og arbejdet med IT. P\u00e5 nuv\u00e6rende tidspunkt er jeg involveret i den lokale Esport klub og sidder i bestyrelsen og har posten som kasser. I min fritid hj\u00e6lper jeg i det lokale Aktivitetscenter, hvor man kan komme og f\u00e5 hj\u00e6lp med IT. Hvis PC driller og eller noget med telefonen, s\u00e5 pr\u00f8ver jeg at hj\u00e6lpe, dem som har brug for det. Aktivitetscentret havde en hjemmeside, som ikke var helt op til date, og jeg tilb\u00f8d at lave en ny hjemmeside, som var lidt mere op til date. Det har s\u00e5 rygtes og andre har henvendt sig om at f\u00e5 optimeret deres hjemmesider Det var lige lidt om mig, der kunne nok skrives meget mere. Er du interesseret i at f\u00e5 en ny hjemmeside? S\u00e5 kontakt mig endelig for at h\u00f8re mere om dine muligheder. Uanset hvad du har i tankerne, kan vi helt sikkert i f\u00e6llesskab finde frem til en god l\u00f8sning. Jeg ser frem til at h\u00f8re fra dig og til at hj\u00e6lpe dig. Send en foresp\u00f8rgsel i kontakt formularen Email info.webdesigngreen@gmail.com Send mig en e-mail for sp\u00f8rgsm\u00e5l: eller brug kontaktformular Tlf Jeg er kun et opkald v\u00e6k +45 21473372 Adresse Hobrovej 559600 Aars<\/p>\n","protected":false},"author":1,"featured_media":0,"parent":0,"menu_order":0,"comment_status":"closed","ping_status":"closed","template":"","meta":{"footnotes":""},"class_list":["post-47","page","type-page","status-publish","hentry"],"yoast_head":"<!-- This site is optimized with the Yoast SEO plugin v24.4 - https:\/\/yoast.com\/wordpress\/plugins\/seo\/ -->\n<title>Hvem er jeg - Aars Webdesign<\/title>\n<meta name=\"description\" content=\"green-webdesign, kontakt mig, ny hjemmeside, markedsf\u00f8ring\" \/>\n<meta name=\"robots\" content=\"index, follow, max-snippet:-1, max-image-preview:large, max-video-preview:-1\" \/>\n<link rel=\"canonical\" href=\"https:\/\/aars-webdesign.dk\/index.php\/hvem-er-jer-kontakt\/\" \/>\n<meta property=\"og:locale\" content=\"da_DK\" \/>\n<meta property=\"og:type\" content=\"article\" \/>\n<meta property=\"og:title\" content=\"Hvem er jeg - Aars Webdesign\" \/>\n<meta property=\"og:description\" content=\"green-webdesign, kontakt mig, ny hjemmeside, markedsf\u00f8ring\" \/>\n<meta property=\"og:url\" content=\"https:\/\/aars-webdesign.dk\/index.php\/hvem-er-jer-kontakt\/\" \/>\n<meta property=\"og:site_name\" content=\"Aars Webdesign\" \/>\n<meta property=\"og:image\" content=\"https:\/\/green-webdesign.dk\/wp-content\/plugins\/superb-blocks\/blocks\/author-box\/..\/images\/defaultAvatar.dda9e675.png\" \/>\n<meta name=\"twitter:card\" content=\"summary_large_image\" \/>\n<meta name=\"twitter:label1\" content=\"Estimeret l\u00e6setid\" \/>\n\t<meta name=\"twitter:data1\" content=\"3 minutter\" \/>\n<script type=\"application\/ld+json\" class=\"yoast-schema-graph\">{\"@context\":\"https:\/\/schema.org\",\"@graph\":[{\"@type\":\"WebPage\",\"@id\":\"https:\/\/aars-webdesign.dk\/index.php\/hvem-er-jer-kontakt\/\",\"url\":\"https:\/\/aars-webdesign.dk\/index.php\/hvem-er-jer-kontakt\/\",\"name\":\"Hvem er jeg - Aars Webdesign\",\"isPartOf\":{\"@id\":\"https:\/\/aars-webdesign.dk\/#website\"},\"primaryImageOfPage\":{\"@id\":\"https:\/\/aars-webdesign.dk\/index.php\/hvem-er-jer-kontakt\/#primaryimage\"},\"image\":{\"@id\":\"https:\/\/aars-webdesign.dk\/index.php\/hvem-er-jer-kontakt\/#primaryimage\"},\"thumbnailUrl\":\"https:\/\/green-webdesign.dk\/wp-content\/plugins\/superb-blocks\/blocks\/author-box\/..\/images\/defaultAvatar.dda9e675.png\",\"datePublished\":\"2024-09-28T23:44:30+00:00\",\"description\":\"green-webdesign, kontakt mig, ny hjemmeside, markedsf\u00f8ring\",\"breadcrumb\":{\"@id\":\"https:\/\/aars-webdesign.dk\/index.php\/hvem-er-jer-kontakt\/#breadcrumb\"},\"inLanguage\":\"da-DK\",\"potentialAction\":[{\"@type\":\"ReadAction\",\"target\":[\"https:\/\/aars-webdesign.dk\/index.php\/hvem-er-jer-kontakt\/\"]}]},{\"@type\":\"ImageObject\",\"inLanguage\":\"da-DK\",\"@id\":\"https:\/\/aars-webdesign.dk\/index.php\/hvem-er-jer-kontakt\/#primaryimage\",\"url\":\"https:\/\/green-webdesign.dk\/wp-content\/plugins\/superb-blocks\/blocks\/author-box\/..\/images\/defaultAvatar.dda9e675.png\",\"contentUrl\":\"https:\/\/green-webdesign.dk\/wp-content\/plugins\/superb-blocks\/blocks\/author-box\/..\/images\/defaultAvatar.dda9e675.png\"},{\"@type\":\"BreadcrumbList\",\"@id\":\"https:\/\/aars-webdesign.dk\/index.php\/hvem-er-jer-kontakt\/#breadcrumb\",\"itemListElement\":[{\"@type\":\"ListItem\",\"position\":1,\"name\":\"Hjem\",\"item\":\"https:\/\/aars-webdesign.dk\/\"},{\"@type\":\"ListItem\",\"position\":2,\"name\":\"Hvem er jeg\"}]},{\"@type\":\"WebSite\",\"@id\":\"https:\/\/aars-webdesign.dk\/#website\",\"url\":\"https:\/\/aars-webdesign.dk\/\",\"name\":\"Aars Webdesign\",\"description\":\"Din fleksible webdesigner af hjemmesider\",\"publisher\":{\"@id\":\"https:\/\/aars-webdesign.dk\/#organization\"},\"potentialAction\":[{\"@type\":\"SearchAction\",\"target\":{\"@type\":\"EntryPoint\",\"urlTemplate\":\"https:\/\/aars-webdesign.dk\/?s={search_term_string}\"},\"query-input\":{\"@type\":\"PropertyValueSpecification\",\"valueRequired\":true,\"valueName\":\"search_term_string\"}}],\"inLanguage\":\"da-DK\"},{\"@type\":\"Organization\",\"@id\":\"https:\/\/aars-webdesign.dk\/#organization\",\"name\":\"Aars Webdesign\",\"url\":\"https:\/\/aars-webdesign.dk\/\",\"logo\":{\"@type\":\"ImageObject\",\"inLanguage\":\"da-DK\",\"@id\":\"https:\/\/aars-webdesign.dk\/#\/schema\/logo\/image\/\",\"url\":\"https:\/\/aars-webdesign.dk\/wp-content\/uploads\/2025\/01\/cropped-Webdesign-logo-Rund-uden-baggrund-png-e1737572596296.png\",\"contentUrl\":\"https:\/\/aars-webdesign.dk\/wp-content\/uploads\/2025\/01\/cropped-Webdesign-logo-Rund-uden-baggrund-png-e1737572596296.png\",\"width\":300,\"height\":300,\"caption\":\"Aars Webdesign\"},\"image\":{\"@id\":\"https:\/\/aars-webdesign.dk\/#\/schema\/logo\/image\/\"}}]}<\/script>\n<!-- \/ Yoast SEO plugin. -->","yoast_head_json":{"title":"Hvem er jeg - Aars Webdesign","description":"green-webdesign, kontakt mig, ny hjemmeside, markedsf\u00f8ring","robots":{"index":"index","follow":"follow","max-snippet":"max-snippet:-1","max-image-preview":"max-image-preview:large","max-video-preview":"max-video-preview:-1"},"canonical":"https:\/\/aars-webdesign.dk\/index.php\/hvem-er-jer-kontakt\/","og_locale":"da_DK","og_type":"article","og_title":"Hvem er jeg - Aars Webdesign","og_description":"green-webdesign, kontakt mig, ny hjemmeside, markedsf\u00f8ring","og_url":"https:\/\/aars-webdesign.dk\/index.php\/hvem-er-jer-kontakt\/","og_site_name":"Aars Webdesign","og_image":[{"url":"https:\/\/green-webdesign.dk\/wp-content\/plugins\/superb-blocks\/blocks\/author-box\/..\/images\/defaultAvatar.dda9e675.png","type":"","width":"","height":""}],"twitter_card":"summary_large_image","twitter_misc":{"Estimeret l\u00e6setid":"3 minutter"},"schema":{"@context":"https:\/\/schema.org","@graph":[{"@type":"WebPage","@id":"https:\/\/aars-webdesign.dk\/index.php\/hvem-er-jer-kontakt\/","url":"https:\/\/aars-webdesign.dk\/index.php\/hvem-er-jer-kontakt\/","name":"Hvem er jeg - Aars Webdesign","isPartOf":{"@id":"https:\/\/aars-webdesign.dk\/#website"},"primaryImageOfPage":{"@id":"https:\/\/aars-webdesign.dk\/index.php\/hvem-er-jer-kontakt\/#primaryimage"},"image":{"@id":"https:\/\/aars-webdesign.dk\/index.php\/hvem-er-jer-kontakt\/#primaryimage"},"thumbnailUrl":"https:\/\/green-webdesign.dk\/wp-content\/plugins\/superb-blocks\/blocks\/author-box\/..\/images\/defaultAvatar.dda9e675.png","datePublished":"2024-09-28T23:44:30+00:00","description":"green-webdesign, kontakt mig, ny hjemmeside, markedsf\u00f8ring","breadcrumb":{"@id":"https:\/\/aars-webdesign.dk\/index.php\/hvem-er-jer-kontakt\/#breadcrumb"},"inLanguage":"da-DK","potentialAction":[{"@type":"ReadAction","target":["https:\/\/aars-webdesign.dk\/index.php\/hvem-er-jer-kontakt\/"]}]},{"@type":"ImageObject","inLanguage":"da-DK","@id":"https:\/\/aars-webdesign.dk\/index.php\/hvem-er-jer-kontakt\/#primaryimage","url":"https:\/\/green-webdesign.dk\/wp-content\/plugins\/superb-blocks\/blocks\/author-box\/..\/images\/defaultAvatar.dda9e675.png","contentUrl":"https:\/\/green-webdesign.dk\/wp-content\/plugins\/superb-blocks\/blocks\/author-box\/..\/images\/defaultAvatar.dda9e675.png"},{"@type":"BreadcrumbList","@id":"https:\/\/aars-webdesign.dk\/index.php\/hvem-er-jer-kontakt\/#breadcrumb","itemListElement":[{"@type":"ListItem","position":1,"name":"Hjem","item":"https:\/\/aars-webdesign.dk\/"},{"@type":"ListItem","position":2,"name":"Hvem er jeg"}]},{"@type":"WebSite","@id":"https:\/\/aars-webdesign.dk\/#website","url":"https:\/\/aars-webdesign.dk\/","name":"Aars Webdesign","description":"Din fleksible webdesigner af hjemmesider","publisher":{"@id":"https:\/\/aars-webdesign.dk\/#organization"},"potentialAction":[{"@type":"SearchAction","target":{"@type":"EntryPoint","urlTemplate":"https:\/\/aars-webdesign.dk\/?s={search_term_string}"},"query-input":{"@type":"PropertyValueSpecification","valueRequired":true,"valueName":"search_term_string"}}],"inLanguage":"da-DK"},{"@type":"Organization","@id":"https:\/\/aars-webdesign.dk\/#organization","name":"Aars Webdesign","url":"https:\/\/aars-webdesign.dk\/","logo":{"@type":"ImageObject","inLanguage":"da-DK","@id":"https:\/\/aars-webdesign.dk\/#\/schema\/logo\/image\/","url":"https:\/\/aars-webdesign.dk\/wp-content\/uploads\/2025\/01\/cropped-Webdesign-logo-Rund-uden-baggrund-png-e1737572596296.png","contentUrl":"https:\/\/aars-webdesign.dk\/wp-content\/uploads\/2025\/01\/cropped-Webdesign-logo-Rund-uden-baggrund-png-e1737572596296.png","width":300,"height":300,"caption":"Aars Webdesign"},"image":{"@id":"https:\/\/aars-webdesign.dk\/#\/schema\/logo\/image\/"}}]}},"_links":{"self":[{"href":"https:\/\/aars-webdesign.dk\/index.php\/wp-json\/wp\/v2\/pages\/47","targetHints":{"allow":["GET"]}}],"collection":[{"href":"https:\/\/aars-webdesign.dk\/index.php\/wp-json\/wp\/v2\/pages"}],"about":[{"href":"https:\/\/aars-webdesign.dk\/index.php\/wp-json\/wp\/v2\/types\/page"}],"author":[{"embeddable":true,"href":"https:\/\/aars-webdesign.dk\/index.php\/wp-json\/wp\/v2\/users\/1"}],"replies":[{"embeddable":true,"href":"https:\/\/aars-webdesign.dk\/index.php\/wp-json\/wp\/v2\/comments?post=47"}],"version-history":[{"count":0,"href":"https:\/\/aars-webdesign.dk\/index.php\/wp-json\/wp\/v2\/pages\/47\/revisions"}],"wp:attachment":[{"href":"https:\/\/aars-webdesign.dk\/index.php\/wp-json\/wp\/v2\/media?parent=47"}],"curies":[{"name":"wp","href":"https:\/\/api.w.org\/{rel}","templated":true}]}}