{"id":45,"date":"2024-09-28T23:42:26","date_gmt":"2024-09-28T23:42:26","guid":{"rendered":"https:\/\/green-webdesign.dk\/?page_id=45"},"modified":"2024-09-28T23:42:26","modified_gmt":"2024-09-28T23:42:26","slug":"mine-projekter","status":"publish","type":"page","link":"https:\/\/aars-webdesign.dk\/index.php\/mine-projekter\/","title":{"rendered":"Mine projekter"},"content":{"rendered":"\t\t<div data-elementor-type=\"wp-page\" data-elementor-id=\"45\" class=\"elementor elementor-45\" data-elementor-post-type=\"page\">\n\t\t\t\t<div class=\"elementor-element elementor-element-7f1922da e-flex e-con-boxed wpr-particle-no wpr-jarallax-no wpr-parallax-no wpr-sticky-section-no e-con e-parent\" data-id=\"7f1922da\" data-element_type=\"container\">\n\t\t\t\t\t<div class=\"e-con-inner\">\n\t\t\t\t<div class=\"elementor-element elementor-element-5d7865d elementor-widget elementor-widget-text-editor\" data-id=\"5d7865d\" data-element_type=\"widget\" data-widget_type=\"text-editor.default\">\n\t\t\t\t<div class=\"elementor-widget-container\">\n\t\t\t\t\t\t\t\t\t<p>\u00a0<\/p>\n\n<h2 class=\"wp-block-heading\"><a href=\"https:\/\/projekt.green-webdesign.dk\/projekt\/\">Se mine projekter og Cases<\/a><\/h2>\n<details class=\"wp-block-details is-layout-flow wp-block-details-is-layout-flow\">\n<summary>P\u00e5 projekter og Cases vil du kunne de hjemmesider som kunder har f\u00e5et lavet<\/summary>\n\n<p>\u00a0<\/p>\n<\/details>\t\t\t\t\t\t\t\t<\/div>\n\t\t\t\t<\/div>\n\t\t\t\t\t<\/div>\n\t\t\t\t<\/div>\n\t\t\t\t<\/div>\n\t\t","protected":false},"excerpt":{"rendered":"<p>\u00a0 Se mine projekter og Cases<\/p>\n","protected":false},"author":1,"featured_media":0,"parent":0,"menu_order":0,"comment_status":"closed","ping_status":"closed","template":"","meta":{"footnotes":""},"class_list":["post-45","page","type-page","status-publish","hentry"],"yoast_head":"<!-- This site is optimized with the Yoast SEO plugin v24.4 - https:\/\/yoast.com\/wordpress\/plugins\/seo\/ -->\n<title>Mine projekter - Aars Webdesign<\/title>\n<meta name=\"description\" content=\"Mine projekter, Ny hjemmeside servicetimer, green-webdesign, ydelser, markedsf\u00f8ring online, hjem er jeg, kontakt, hjemmeside design, jeg hj\u00e6lper dig p\u00e5 vej\" \/>\n<meta name=\"robots\" content=\"index, follow, max-snippet:-1, max-video-preview:-1, noimageindex\" \/>\n<link rel=\"canonical\" href=\"https:\/\/aars-webdesign.dk\/index.php\/mine-projekter\/\" \/>\n<meta property=\"og:locale\" content=\"da_DK\" \/>\n<meta property=\"og:type\" content=\"article\" \/>\n<meta property=\"og:title\" content=\"Mine projekter - Aars Webdesign\" \/>\n<meta property=\"og:description\" content=\"Mine projekter, Ny hjemmeside servicetimer, green-webdesign, ydelser, markedsf\u00f8ring online, hjem er jeg, kontakt, hjemmeside design, jeg hj\u00e6lper dig p\u00e5 vej\" \/>\n<meta property=\"og:url\" content=\"https:\/\/aars-webdesign.dk\/index.php\/mine-projekter\/\" \/>\n<meta property=\"og:site_name\" content=\"Aars Webdesign\" \/>\n<meta name=\"twitter:card\" content=\"summary_large_image\" \/>\n<meta name=\"twitter:label1\" content=\"Estimeret l\u00e6setid\" \/>\n\t<meta name=\"twitter:data1\" content=\"1 minut\" \/>\n<script type=\"application\/ld+json\" class=\"yoast-schema-graph\">{\"@context\":\"https:\/\/schema.org\",\"@graph\":[{\"@type\":\"WebPage\",\"@id\":\"https:\/\/aars-webdesign.dk\/index.php\/mine-projekter\/\",\"url\":\"https:\/\/aars-webdesign.dk\/index.php\/mine-projekter\/\",\"name\":\"Mine projekter - Aars Webdesign\",\"isPartOf\":{\"@id\":\"https:\/\/aars-webdesign.dk\/#website\"},\"datePublished\":\"2024-09-28T23:42:26+00:00\",\"description\":\"Mine projekter, Ny hjemmeside servicetimer, green-webdesign, ydelser, markedsf\u00f8ring online, hjem er jeg, kontakt, hjemmeside design, jeg hj\u00e6lper dig p\u00e5 vej\",\"breadcrumb\":{\"@id\":\"https:\/\/aars-webdesign.dk\/index.php\/mine-projekter\/#breadcrumb\"},\"inLanguage\":\"da-DK\",\"potentialAction\":[{\"@type\":\"ReadAction\",\"target\":[\"https:\/\/aars-webdesign.dk\/index.php\/mine-projekter\/\"]}]},{\"@type\":\"BreadcrumbList\",\"@id\":\"https:\/\/aars-webdesign.dk\/index.php\/mine-projekter\/#breadcrumb\",\"itemListElement\":[{\"@type\":\"ListItem\",\"position\":1,\"name\":\"Hjem\",\"item\":\"https:\/\/aars-webdesign.dk\/\"},{\"@type\":\"ListItem\",\"position\":2,\"name\":\"Mine projekter\"}]},{\"@type\":\"WebSite\",\"@id\":\"https:\/\/aars-webdesign.dk\/#website\",\"url\":\"https:\/\/aars-webdesign.dk\/\",\"name\":\"Aars Webdesign\",\"description\":\"Din fleksible webdesigner af hjemmesider\",\"publisher\":{\"@id\":\"https:\/\/aars-webdesign.dk\/#organization\"},\"potentialAction\":[{\"@type\":\"SearchAction\",\"target\":{\"@type\":\"EntryPoint\",\"urlTemplate\":\"https:\/\/aars-webdesign.dk\/?s={search_term_string}\"},\"query-input\":{\"@type\":\"PropertyValueSpecification\",\"valueRequired\":true,\"valueName\":\"search_term_string\"}}],\"inLanguage\":\"da-DK\"},{\"@type\":\"Organization\",\"@id\":\"https:\/\/aars-webdesign.dk\/#organization\",\"name\":\"Aars Webdesign\",\"url\":\"https:\/\/aars-webdesign.dk\/\",\"logo\":{\"@type\":\"ImageObject\",\"inLanguage\":\"da-DK\",\"@id\":\"https:\/\/aars-webdesign.dk\/#\/schema\/logo\/image\/\",\"url\":\"https:\/\/aars-webdesign.dk\/wp-content\/uploads\/2025\/01\/cropped-Webdesign-logo-Rund-uden-baggrund-png-e1737572596296.png\",\"contentUrl\":\"https:\/\/aars-webdesign.dk\/wp-content\/uploads\/2025\/01\/cropped-Webdesign-logo-Rund-uden-baggrund-png-e1737572596296.png\",\"width\":300,\"height\":300,\"caption\":\"Aars Webdesign\"},\"image\":{\"@id\":\"https:\/\/aars-webdesign.dk\/#\/schema\/logo\/image\/\"}}]}<\/script>\n<!-- \/ Yoast SEO plugin. -->","yoast_head_json":{"title":"Mine projekter - Aars Webdesign","description":"Mine projekter, Ny hjemmeside servicetimer, green-webdesign, ydelser, markedsf\u00f8ring online, hjem er jeg, kontakt, hjemmeside design, jeg hj\u00e6lper dig p\u00e5 vej","robots":{"index":"index","follow":"follow","max-snippet":"max-snippet:-1","max-video-preview":"max-video-preview:-1","imageindex":"noimageindex"},"canonical":"https:\/\/aars-webdesign.dk\/index.php\/mine-projekter\/","og_locale":"da_DK","og_type":"article","og_title":"Mine projekter - Aars Webdesign","og_description":"Mine projekter, Ny hjemmeside servicetimer, green-webdesign, ydelser, markedsf\u00f8ring online, hjem er jeg, kontakt, hjemmeside design, jeg hj\u00e6lper dig p\u00e5 vej","og_url":"https:\/\/aars-webdesign.dk\/index.php\/mine-projekter\/","og_site_name":"Aars Webdesign","twitter_card":"summary_large_image","twitter_misc":{"Estimeret l\u00e6setid":"1 minut"},"schema":{"@context":"https:\/\/schema.org","@graph":[{"@type":"WebPage","@id":"https:\/\/aars-webdesign.dk\/index.php\/mine-projekter\/","url":"https:\/\/aars-webdesign.dk\/index.php\/mine-projekter\/","name":"Mine projekter - Aars Webdesign","isPartOf":{"@id":"https:\/\/aars-webdesign.dk\/#website"},"datePublished":"2024-09-28T23:42:26+00:00","description":"Mine projekter, Ny hjemmeside servicetimer, green-webdesign, ydelser, markedsf\u00f8ring online, hjem er jeg, kontakt, hjemmeside design, jeg hj\u00e6lper dig p\u00e5 vej","breadcrumb":{"@id":"https:\/\/aars-webdesign.dk\/index.php\/mine-projekter\/#breadcrumb"},"inLanguage":"da-DK","potentialAction":[{"@type":"ReadAction","target":["https:\/\/aars-webdesign.dk\/index.php\/mine-projekter\/"]}]},{"@type":"BreadcrumbList","@id":"https:\/\/aars-webdesign.dk\/index.php\/mine-projekter\/#breadcrumb","itemListElement":[{"@type":"ListItem","position":1,"name":"Hjem","item":"https:\/\/aars-webdesign.dk\/"},{"@type":"ListItem","position":2,"name":"Mine projekter"}]},{"@type":"WebSite","@id":"https:\/\/aars-webdesign.dk\/#website","url":"https:\/\/aars-webdesign.dk\/","name":"Aars Webdesign","description":"Din fleksible webdesigner af hjemmesider","publisher":{"@id":"https:\/\/aars-webdesign.dk\/#organization"},"potentialAction":[{"@type":"SearchAction","target":{"@type":"EntryPoint","urlTemplate":"https:\/\/aars-webdesign.dk\/?s={search_term_string}"},"query-input":{"@type":"PropertyValueSpecification","valueRequired":true,"valueName":"search_term_string"}}],"inLanguage":"da-DK"},{"@type":"Organization","@id":"https:\/\/aars-webdesign.dk\/#organization","name":"Aars Webdesign","url":"https:\/\/aars-webdesign.dk\/","logo":{"@type":"ImageObject","inLanguage":"da-DK","@id":"https:\/\/aars-webdesign.dk\/#\/schema\/logo\/image\/","url":"https:\/\/aars-webdesign.dk\/wp-content\/uploads\/2025\/01\/cropped-Webdesign-logo-Rund-uden-baggrund-png-e1737572596296.png","contentUrl":"https:\/\/aars-webdesign.dk\/wp-content\/uploads\/2025\/01\/cropped-Webdesign-logo-Rund-uden-baggrund-png-e1737572596296.png","width":300,"height":300,"caption":"Aars Webdesign"},"image":{"@id":"https:\/\/aars-webdesign.dk\/#\/schema\/logo\/image\/"}}]}},"_links":{"self":[{"href":"https:\/\/aars-webdesign.dk\/index.php\/wp-json\/wp\/v2\/pages\/45","targetHints":{"allow":["GET"]}}],"collection":[{"href":"https:\/\/aars-webdesign.dk\/index.php\/wp-json\/wp\/v2\/pages"}],"about":[{"href":"https:\/\/aars-webdesign.dk\/index.php\/wp-json\/wp\/v2\/types\/page"}],"author":[{"embeddable":true,"href":"https:\/\/aars-webdesign.dk\/index.php\/wp-json\/wp\/v2\/users\/1"}],"replies":[{"embeddable":true,"href":"https:\/\/aars-webdesign.dk\/index.php\/wp-json\/wp\/v2\/comments?post=45"}],"version-history":[{"count":0,"href":"https:\/\/aars-webdesign.dk\/index.php\/wp-json\/wp\/v2\/pages\/45\/revisions"}],"wp:attachment":[{"href":"https:\/\/aars-webdesign.dk\/index.php\/wp-json\/wp\/v2\/media?parent=45"}],"curies":[{"name":"wp","href":"https:\/\/api.w.org\/{rel}","templated":true}]}}